{"id":1783,"date":"2019-02-27T10:48:20","date_gmt":"2019-02-27T09:48:20","guid":{"rendered":"http:\/\/www.osmoticstudios.com\/?page_id=1783"},"modified":"2021-03-03T17:42:26","modified_gmt":"2021-03-03T16:42:26","slug":"orwell-ignorance-is-strength","status":"publish","type":"page","link":"http:\/\/www.osmoticstudios.com\/de\/orwell-ignorance-is-strength\/","title":{"rendered":"Orwell: Ignorance is Strength"},"content":{"rendered":"<p>JETZT ERH\u00c4LTLICH F\u00dcR PC UND MAC<br><a href=\"http:\/\/www.orwell-ignorance.com\">Website<\/a> | <a href=\"http:\/\/www.fellowtraveller.games\/presskit\/sheet.php?p=Orwell_Ignorance_Is_Strength\">Presskit<\/a><\/p>\n\n\n<div id=\"metaslider-id-1848\" style=\"width: 100%;\" class=\"ml-slider-3-108-0 metaslider metaslider-nivo metaslider-1848 ml-slider has-dots-nav ms-theme-default\" role=\"region\" aria-label=\"Orwell: Ignorance is Strength\" data-height=\"1080\" data-width=\"1980\">\n    <div id=\"metaslider_container_1848\">\n        <div class='slider-wrapper theme-default'><div class='ribbon'><\/div><div id='metaslider_1848' class='nivoSlider'><img loading=\"lazy\" decoding=\"async\" src=\"https:\/\/www.osmoticstudios.com\/wp-content\/uploads\/2019\/02\/Orwell_Ignorance_Screenshot1-1920x1047.png\" height=\"1080\" width=\"1980\" alt=\"\" class=\"slider-1848 slide-1865 msDefaultImage\" \/><img loading=\"lazy\" decoding=\"async\" src=\"https:\/\/www.osmoticstudios.com\/wp-content\/uploads\/2019\/02\/Day2_Karen_Listenercall-1920x1047.png\" height=\"1080\" width=\"1980\" alt=\"\" class=\"slider-1848 slide-1869 msDefaultImage\" \/><img loading=\"lazy\" decoding=\"async\" src=\"https:\/\/www.osmoticstudios.com\/wp-content\/uploads\/2019\/02\/Orwell_Ignorance_Screenshot2-1920x1047.png\" height=\"1080\" width=\"1980\" alt=\"\" class=\"slider-1848 slide-1866 msDefaultImage\" \/><img loading=\"lazy\" decoding=\"async\" src=\"https:\/\/www.osmoticstudios.com\/wp-content\/uploads\/2019\/02\/17_Oleg_PargesianArmy-1920x1047.png\" height=\"1080\" width=\"1980\" alt=\"\" class=\"slider-1848 slide-1868 msDefaultImage\" \/><img loading=\"lazy\" decoding=\"async\" src=\"https:\/\/www.osmoticstudios.com\/wp-content\/uploads\/2019\/02\/3_Raban_PC_KarenRaban-1920x1047.png\" height=\"1080\" width=\"1980\" alt=\"\" class=\"slider-1848 slide-1867 msDefaultImage\" \/><\/div><\/div>\n        \n    <\/div>\n<\/div>\n\n\n\n<p>Schl\u00fcpfen Sie in die Rolle eines Regierungsbeamten in einer streng geheimen Abteilung des Orwell-\u00dcberwachungsprogramms. \u00dcber die Grenzen hinweg ist eine politische Krise entstanden, die die benachbarten Parges in gewaltt\u00e4tige B\u00fcrgerunruhen zu st\u00fcrzen und die regierende Partei der Nation in Verlegenheit zu bringen droht. Da Sie die Macht haben, \"die Wahrheit\" sowohl aufzudecken als auch zu fabrizieren, m\u00fcssen Sie selbst entscheiden, wie weit Sie im Dienste Ihres Landes gehen wollen und ob die Wahrheit heilig ist oder Unwissenheit St\u00e4rke bedeutet.<\/p>\n\n\n\n<p>Orwell: Ignorance is Strength ist die zweite Staffel des preisgekr\u00f6nten \u00dcberwachungsthrillers Orwell. Sie wird als w\u00f6chentliche episodische Serie erscheinen und neue Mechanismen und Funktionen in die Serie einf\u00fchren, die den Spielern mehr Handlungsspielraum bei der Leitung ihrer Ermittlungen und sogar die M\u00f6glichkeit bieten, die gesammelten Informationen zu nutzen, um die \u00f6ffentliche Meinung zu beeinflussen. Die Geschichte spielt parallel zu den Ereignissen der ersten Staffel und enth\u00fcllt eine dunklere, geheimnisvollere Seite des Orwell-Programms.<\/p>\n\n\n\n<p><iframe loading=\"lazy\" src=\"https:\/\/store.steampowered.com\/widget\/633060\/\" width=\"100%\" height=\"190\" frameborder=\"0\"><\/iframe><\/p>\n\n\n\n<h2 class=\"wp-block-heading\">Zitate<\/h2>\n\n\n\n<p>\u201cTwo for two, Orwell continues to be an engrossing voyeuristic experience\u201d<br>9\/10 \u2013&nbsp;<a href=\"steam:\/\/openurl\/https:\/\/www.destructoid.com\/review-orwell-ignorance-is-strength-495703.phtml\">Destructoid<\/a><\/p>\n\n\n\n<h2 class=\"wp-block-heading\">Preise &amp; Auszeichnungen<\/h2>\n\n\n<div class=\"column-group columns-1\"><div class=\"column column-number-1 last column-span-1\"><div class=\"awardbox\">\n<p><img loading=\"lazy\" decoding=\"async\" class=\"aligncenter wp-image-1655 size-full\" src=\"http:\/\/www.osmoticstudios.com\/wp-content\/uploads\/2018\/12\/ign_select.png\" alt=\"\" width=\"200\" height=\"200\" srcset=\"https:\/\/www.osmoticstudios.com\/wp-content\/uploads\/2018\/12\/ign_select.png 200w, https:\/\/www.osmoticstudios.com\/wp-content\/uploads\/2018\/12\/ign_select-150x150.png 150w\" sizes=\"auto, (max-width: 200px) 100vw, 200px\" \/><\/p>\n<p style=\"text-align: center;\"><strong>NOMINIERUNG<br \/>\n<\/strong><strong>Best Storytelling<\/strong><br \/>\nIGN AU Select Awards 2018<\/p>\n<\/div>\n<\/div><\/div>\n\n\n<div class=\"column-group columns-2\"><div class=\"column column-number-1 column-span-1\"><div class=\"awardbox\">\n<p><img loading=\"lazy\" decoding=\"async\" class=\"aligncenter wp-image-1654 size-full\" src=\"http:\/\/www.osmoticstudios.com\/wp-content\/uploads\/2018\/12\/de18_logo_rgb_schwarz.png\" alt=\"\" width=\"200\" height=\"200\" srcset=\"https:\/\/www.osmoticstudios.com\/wp-content\/uploads\/2018\/12\/de18_logo_rgb_schwarz.png 200w, https:\/\/www.osmoticstudios.com\/wp-content\/uploads\/2018\/12\/de18_logo_rgb_schwarz-150x150.png 150w\" sizes=\"auto, (max-width: 200px) 100vw, 200px\" \/><\/p>\n<p style=\"text-align: center;\"><strong>NOMINIERUNG<br \/>\nBestes Indie-Spiel<\/strong><br \/>\nDeutscher Entwicklerpreis 2018<\/p>\n<\/div>\n<\/div><div class=\"column column-number-2 last column-span-1\"><div class=\"awardbox\">\n<p><img loading=\"lazy\" decoding=\"async\" class=\"aligncenter wp-image-1654 size-full\" src=\"http:\/\/www.osmoticstudios.com\/wp-content\/uploads\/2018\/12\/de18_logo_rgb_schwarz.png\" alt=\"\" width=\"200\" height=\"200\" srcset=\"https:\/\/www.osmoticstudios.com\/wp-content\/uploads\/2018\/12\/de18_logo_rgb_schwarz.png 200w, https:\/\/www.osmoticstudios.com\/wp-content\/uploads\/2018\/12\/de18_logo_rgb_schwarz-150x150.png 150w\" sizes=\"auto, (max-width: 200px) 100vw, 200px\" \/><\/p>\n<p style=\"text-align: center;\"><strong>NOMINIERUNG<br \/>\nBeste Story<\/strong><br \/>\nDeutscher Entwicklerpreis 2018<\/p>\n<\/div>\n<\/div><\/div>","protected":false},"excerpt":{"rendered":"<p>OUT NOW FOR PC AND MACWebsite | Presskit Step into the shoes of a government official in a top-secret department of the Orwell surveillance program. A political crisis has arisen across borders, threatening to plunge neighbouring Parges into violent civil unrest and embarrass the ruling Party of the Nation. Given the power to both uncover [&hellip;]<\/p>\n","protected":false},"author":1,"featured_media":0,"parent":0,"menu_order":0,"comment_status":"closed","ping_status":"closed","template":"","meta":{"site-sidebar-layout":"default","site-content-layout":"default","ast-site-content-layout":"","site-content-style":"default","site-sidebar-style":"default","ast-global-header-display":"","ast-banner-title-visibility":"","ast-main-header-display":"","ast-hfb-above-header-display":"","ast-hfb-below-header-display":"","ast-hfb-mobile-header-display":"","site-post-title":"","ast-breadcrumbs-content":"","ast-featured-img":"","footer-sml-layout":"","theme-transparent-header-meta":"default","adv-header-id-meta":"","stick-header-meta":"","header-above-stick-meta":"","header-main-stick-meta":"","header-below-stick-meta":"","astra-migrate-meta-layouts":"default","ast-page-background-enabled":"default","ast-page-background-meta":{"desktop":{"background-color":"","background-image":"","background-repeat":"repeat","background-position":"center center","background-size":"auto","background-attachment":"scroll","background-type":"","background-media":"","overlay-type":"","overlay-color":"","overlay-opacity":"","overlay-gradient":""},"tablet":{"background-color":"","background-image":"","background-repeat":"repeat","background-position":"center center","background-size":"auto","background-attachment":"scroll","background-type":"","background-media":"","overlay-type":"","overlay-color":"","overlay-opacity":"","overlay-gradient":""},"mobile":{"background-color":"","background-image":"","background-repeat":"repeat","background-position":"center center","background-size":"auto","background-attachment":"scroll","background-type":"","background-media":"","overlay-type":"","overlay-color":"","overlay-opacity":"","overlay-gradient":""}},"ast-content-background-meta":{"desktop":{"background-color":"var(--ast-global-color-5)","background-image":"","background-repeat":"repeat","background-position":"center center","background-size":"auto","background-attachment":"scroll","background-type":"","background-media":"","overlay-type":"","overlay-color":"","overlay-opacity":"","overlay-gradient":""},"tablet":{"background-color":"var(--ast-global-color-5)","background-image":"","background-repeat":"repeat","background-position":"center center","background-size":"auto","background-attachment":"scroll","background-type":"","background-media":"","overlay-type":"","overlay-color":"","overlay-opacity":"","overlay-gradient":""},"mobile":{"background-color":"var(--ast-global-color-5)","background-image":"","background-repeat":"repeat","background-position":"center center","background-size":"auto","background-attachment":"scroll","background-type":"","background-media":"","overlay-type":"","overlay-color":"","overlay-opacity":"","overlay-gradient":""}},"footnotes":""},"class_list":["post-1783","page","type-page","status-publish","hentry"],"_links":{"self":[{"href":"http:\/\/www.osmoticstudios.com\/de\/wp-json\/wp\/v2\/pages\/1783","targetHints":{"allow":["GET"]}}],"collection":[{"href":"http:\/\/www.osmoticstudios.com\/de\/wp-json\/wp\/v2\/pages"}],"about":[{"href":"http:\/\/www.osmoticstudios.com\/de\/wp-json\/wp\/v2\/types\/page"}],"author":[{"embeddable":true,"href":"http:\/\/www.osmoticstudios.com\/de\/wp-json\/wp\/v2\/users\/1"}],"replies":[{"embeddable":true,"href":"http:\/\/www.osmoticstudios.com\/de\/wp-json\/wp\/v2\/comments?post=1783"}],"version-history":[{"count":23,"href":"http:\/\/www.osmoticstudios.com\/de\/wp-json\/wp\/v2\/pages\/1783\/revisions"}],"predecessor-version":[{"id":2267,"href":"http:\/\/www.osmoticstudios.com\/de\/wp-json\/wp\/v2\/pages\/1783\/revisions\/2267"}],"wp:attachment":[{"href":"http:\/\/www.osmoticstudios.com\/de\/wp-json\/wp\/v2\/media?parent=1783"}],"curies":[{"name":"wp","href":"https:\/\/api.w.org\/{rel}","templated":true}]}}