{"id":1780,"date":"2019-02-27T10:47:11","date_gmt":"2019-02-27T09:47:11","guid":{"rendered":"http:\/\/www.osmoticstudios.com\/?page_id=1780"},"modified":"2024-05-14T15:05:16","modified_gmt":"2024-05-14T14:05:16","slug":"orwell-keeping-an-eye-on-you","status":"publish","type":"page","link":"https:\/\/www.osmoticstudios.com\/de\/orwell-keeping-an-eye-on-you\/","title":{"rendered":"Orwell: Keeping an Eye on You"},"content":{"rendered":"<p>JETZT ERH\u00c4LTLICH F\u00dcR PC, MAC, IOS UND ANDROID<br><a href=\"http:\/\/www.orwell-game.com\">Website<\/a> | <a href=\"http:\/\/www.fellowtraveller.games\/presskit\/sheet.php?p=Orwell\">Presskit<\/a><\/p>\n\n\n<div id=\"metaslider-id-1887\" style=\"width: 100%;\" class=\"ml-slider-3-108-0 metaslider metaslider-nivo metaslider-1887 ml-slider has-dots-nav ms-theme-default\" role=\"region\" aria-label=\"Orwell: Keeping an Eye on You\" data-height=\"1080\" data-width=\"1980\">\n    <div id=\"metaslider_container_1887\">\n        <div class='slider-wrapper theme-default'><div class='ribbon'><\/div><div id='metaslider_1887' class='nivoSlider'><img loading=\"lazy\" decoding=\"async\" src=\"https:\/\/www.osmoticstudios.com\/wp-content\/uploads\/2019\/02\/1_Screenshot_Day1-1920x1047.png\" height=\"1080\" width=\"1980\" alt=\"\" class=\"slider-1887 slide-1893 msDefaultImage\" \/><img loading=\"lazy\" decoding=\"async\" src=\"https:\/\/www.osmoticstudios.com\/wp-content\/uploads\/2019\/02\/Day4_Hacker_convoHarrison-1920x1047.png\" height=\"1080\" width=\"1980\" alt=\"\" class=\"slider-1887 slide-1896 msDefaultImage\" \/><img loading=\"lazy\" decoding=\"async\" src=\"https:\/\/www.osmoticstudios.com\/wp-content\/uploads\/2019\/02\/Screenshot_Intro_3-1918x1046.png\" height=\"1080\" width=\"1980\" alt=\"\" class=\"slider-1887 slide-1894 msDefaultImage\" \/><img loading=\"lazy\" decoding=\"async\" src=\"https:\/\/www.osmoticstudios.com\/wp-content\/uploads\/2019\/02\/4_Screenshot_Day2-1920x1047.png\" height=\"1080\" width=\"1980\" alt=\"\" class=\"slider-1887 slide-1895 msDefaultImage\" \/><img loading=\"lazy\" decoding=\"async\" src=\"https:\/\/www.osmoticstudios.com\/wp-content\/uploads\/2019\/02\/10_Screenshot_Day2-1920x1047.png\" height=\"1080\" width=\"1980\" alt=\"\" class=\"slider-1887 slide-1897 msDefaultImage\" \/><\/div><\/div>\n        \n    <\/div>\n<\/div>\n\n\n\n<p class=\"has-text-align-left\">Big Brother ist da \u2013 und das bist du. Untersuche das Leben der B\u00fcrger und finde die Verantwortlichen f\u00fcr eine Reihe von Terroranschl\u00e4gen. Hierf\u00fcr stehen dir Informationen aus dem Internet, pers\u00f6nliche Mitteilungen und private Dateien zur Verf\u00fcgung. Aber Vorsicht, die Informationen, die du lieferst, werden Konsequenzen haben.<\/p>\n\n\n\n<p>Orwell ist ein neues staatliches Sicherheitsprogramm, mit der F\u00e4higkeit, das digitale Leben jeder Person in der Nation zu \u00fcberwachen. Es kann die gesamte pers\u00f6nliche Kommunikation \u00fcberwachen und auf jeden Computer zugreifen. Um die Privatsph\u00e4re der B\u00fcrger zu sch\u00fctzen, untersuchen menschliche Ermittler die von Orwell gefundenen Daten und entscheiden, welche Informationen an die Sicherheitskr\u00e4fte weitergegeben werden sollen und welche nicht.<\/p>\n\n\n\n<p>Ausgew\u00e4hlt aus Tausenden von Kandidaten sind Sie der erste menschliche Ermittler von Orwell. Doch als ein Terroranschlag die Hauptstadt der Nation, Bonton, ersch\u00fcttert, werden Orwell und Sie sofort auf die Probe gestellt. Beginnend mit einer einzelnen Zielperson helfen Sie den Sicherheitskr\u00e4ften, ein Netzwerk potenzieller T\u00e4ter aufzubauen.<\/p>\n\n\n\n<p>Aber sind diese Personen wirklich Terroristen? Was sagen die Informationen, die Sie an Orwell weitergeben, \u00fcber sie aus? Was, wenn Sie Dinge \u00fcber sie herausfinden, die nicht einmal ihre engsten Vertrauten wissen? Was ist der wahre Preis der Sicherheit, nach der sich die Nation sehnt?<\/p>\n\n\n\n<p><iframe loading=\"lazy\" src=\"https:\/\/store.steampowered.com\/widget\/491950\/\" width=\"100%\" height=\"190\" frameborder=\"0\"><\/iframe><\/p>\n\n\n\n<h2 class=\"wp-block-heading\">Zitate<\/h2>\n\n\n\n<p>\u201cGrabs the problem of how we balance our own liberty and our safety and turns it into a thrilling adventure.\u201d<br>9\/10 \u2013&nbsp;<a href=\"steam:\/\/openurl_external\/https:\/\/steamcommunity.com\/linkfilter\/?url=http:\/\/www.polygon.com\/2016\/11\/29\/13769024\/orwell-review-PC\" rel=\"noopener\">Polygon<\/a><\/p>\n\n\n\n<p>\u201cA harrowing look into a reality where Big Brother is always watching\u201d<br><a href=\"steam:\/\/openurl\/https:\/\/www.rockpapershotgun.com\/2016\/10\/23\/orwell-surveillance-game\/#more-407209\">Rock Paper Shotgun<\/a><\/p>\n\n\n\n<p>\u201cIn an age where so much personal information is willingly released by so many, Orwell brilliantly explores the implications of this data being misinterpreted.\u201d<br>8\/10 \u2013&nbsp;<a href=\"steam:\/\/openurl_external\/https:\/\/steamcommunity.com\/linkfilter\/?url=http:\/\/www.gamespot.com\/reviews\/orwell-review\/1900-6416580\/\" rel=\"noopener\">GameSpot<\/a><\/p>\n\n\n\n<h2 class=\"wp-block-heading\">Preise &amp; Auszeichnungen<\/h2>\n\n\n<div class=\"column-group columns-2\"><div class=\"column column-number-1 column-span-1\"><div class=\"awardbox\">\n<p><img loading=\"lazy\" decoding=\"async\" class=\"aligncenter size-full wp-image-1351\" src=\"http:\/\/www.osmotic-studios.de\/wp-content\/uploads\/2014\/07\/DCP2015_Logo-pc-games-1.png\" alt=\"\" width=\"200\" height=\"200\" srcset=\"https:\/\/www.osmoticstudios.com\/wp-content\/uploads\/2014\/07\/DCP2015_Logo-pc-games-1.png 200w, https:\/\/www.osmoticstudios.com\/wp-content\/uploads\/2014\/07\/DCP2015_Logo-pc-games-1-150x150.png 150w\" sizes=\"auto, (max-width: 200px) 100vw, 200px\" \/><\/p>\n<p style=\"text-align: center;\"><strong>GEWINNER<br \/>\nBest Serious Game<\/strong><br \/>\nDeutscher Computerspielpreis 2017<\/p>\n<\/div>\n<\/div><div class=\"column column-number-2 last column-span-1\"><div class=\"awardbox\">\n<p><img loading=\"lazy\" decoding=\"async\" class=\"aligncenter wp-image-1409 size-full\" src=\"http:\/\/www.osmotic-studios.de\/wp-content\/uploads\/2014\/07\/A_Maze_winner.png\" alt=\"\" width=\"200\" height=\"200\" srcset=\"https:\/\/www.osmoticstudios.com\/wp-content\/uploads\/2014\/07\/A_Maze_winner.png 200w, https:\/\/www.osmoticstudios.com\/wp-content\/uploads\/2014\/07\/A_Maze_winner-150x150.png 150w\" sizes=\"auto, (max-width: 200px) 100vw, 200px\" \/><\/p>\n<p style=\"text-align: center;\"><strong>GEWINNER<br \/>\nLong Feature Award<\/strong><br \/>\nA MAZE. Awards 2017<\/p>\n<\/div>\n<\/div><\/div>\n\n\n<div class=\"column-group columns-2\"><div class=\"column column-number-1 column-span-1\"><div class=\"awardbox\">\n<p><img loading=\"lazy\" decoding=\"async\" class=\"aligncenter wp-image-1265 size-full\" src=\"http:\/\/www.osmotic-studios.de\/wp-content\/uploads\/2014\/07\/tga2016_nomineebadge.jpg\" alt=\"\" width=\"200\" height=\"200\" srcset=\"https:\/\/www.osmoticstudios.com\/wp-content\/uploads\/2014\/07\/tga2016_nomineebadge.jpg 200w, https:\/\/www.osmoticstudios.com\/wp-content\/uploads\/2014\/07\/tga2016_nomineebadge-150x150.jpg 150w\" sizes=\"auto, (max-width: 200px) 100vw, 200px\" \/><\/p>\n<p style=\"text-align: center;\"><strong>NOMINIERUNG<br \/>\nGames for Impact<\/strong><br \/>\nThe Game Awards 2016<\/p>\n<\/div>\n<\/div><div class=\"column column-number-2 last column-span-1\"><div class=\"awardbox\">\n<p><img loading=\"lazy\" decoding=\"async\" class=\"aligncenter size-full wp-image-1323\" src=\"http:\/\/www.osmotic-studios.de\/wp-content\/uploads\/2014\/07\/SXSWGaming.png\" alt=\"\" width=\"200\" height=\"200\" srcset=\"https:\/\/www.osmoticstudios.com\/wp-content\/uploads\/2014\/07\/SXSWGaming.png 200w, https:\/\/www.osmoticstudios.com\/wp-content\/uploads\/2014\/07\/SXSWGaming-150x150.png 150w\" sizes=\"auto, (max-width: 200px) 100vw, 200px\" \/><\/p>\n<p style=\"text-align: center;\"><strong>NOMINIERUNG<br \/>\nCultural Innovation Award<\/strong><br \/>\nSXSW Gaming Awards 2017<\/p>\n<\/div>\n<\/div><\/div>\n\n\n<div class=\"column-group columns-2\"><div class=\"column column-number-1 column-span-1\"><div class=\"awardbox\">\n<p><img loading=\"lazy\" decoding=\"async\" class=\"aligncenter size-full wp-image-1301\" src=\"http:\/\/www.osmotic-studios.de\/wp-content\/uploads\/2014\/07\/igf_logo.png\" alt=\"\" width=\"200\" height=\"200\" srcset=\"https:\/\/www.osmoticstudios.com\/wp-content\/uploads\/2014\/07\/igf_logo.png 200w, https:\/\/www.osmoticstudios.com\/wp-content\/uploads\/2014\/07\/igf_logo-150x150.png 150w\" sizes=\"auto, (max-width: 200px) 100vw, 200px\" \/><\/p>\n<p style=\"text-align: center;\"><strong>FINALIST<br \/>\nExcellence in Narrative<\/strong><br \/>\nIndependent Games Festival 2017<\/p>\n<\/div>\n<\/div><div class=\"column column-number-2 last column-span-1\"><div class=\"awardbox\">\n<p style=\"text-align: center;\"><img loading=\"lazy\" decoding=\"async\" class=\"aligncenter size-full wp-image-1301\" src=\"https:\/\/www.osmoticstudios.com\/wp-content\/uploads\/2014\/07\/igf_logo.png\" alt=\"\" width=\"200\" height=\"200\" srcset=\"https:\/\/www.osmoticstudios.com\/wp-content\/uploads\/2014\/07\/igf_logo.png 200w, https:\/\/www.osmoticstudios.com\/wp-content\/uploads\/2014\/07\/igf_logo-150x150.png 150w\" sizes=\"auto, (max-width: 200px) 100vw, 200px\" \/><\/p>\n<p style=\"text-align: center;\"><strong>EHRENHAFTE NENNUNG<br \/>\nSeumas McNally Grand Prize<\/strong><br \/>\nIndependent Games Festival 2017<\/p>\n<\/div>\n<\/div><\/div>\n\n\n<div class=\"column-group columns-2\"><div class=\"column column-number-1 column-span-1\"><div class=\"awardbox\">\n<p><img loading=\"lazy\" decoding=\"async\" class=\"aligncenter wp-image-1467 size-full\" src=\"http:\/\/www.osmotic-studios.de\/wp-content\/uploads\/2014\/07\/de17_logo_rgb_schwarz.png\" alt=\"\" width=\"200\" height=\"200\" srcset=\"https:\/\/www.osmoticstudios.com\/wp-content\/uploads\/2014\/07\/de17_logo_rgb_schwarz.png 200w, https:\/\/www.osmoticstudios.com\/wp-content\/uploads\/2014\/07\/de17_logo_rgb_schwarz-150x150.png 150w\" sizes=\"auto, (max-width: 200px) 100vw, 200px\" \/><\/p>\n<p style=\"text-align: center;\"><strong>NOMINIERUNG<br \/>\nBest German Game<\/strong><br \/>\nDeutscher Entwicklerpreis 2017<\/p>\n<\/div>\n<\/div><div class=\"column column-number-2 last column-span-1\"><div class=\"awardbox\">\n<p><img loading=\"lazy\" decoding=\"async\" class=\"aligncenter wp-image-1467 size-full\" src=\"http:\/\/www.osmoticstudios.com\/wp-content\/uploads\/2014\/07\/de17_logo_rgb_schwarz.png\" alt=\"\" width=\"200\" height=\"200\" srcset=\"https:\/\/www.osmoticstudios.com\/wp-content\/uploads\/2014\/07\/de17_logo_rgb_schwarz.png 200w, https:\/\/www.osmoticstudios.com\/wp-content\/uploads\/2014\/07\/de17_logo_rgb_schwarz-150x150.png 150w\" sizes=\"auto, (max-width: 200px) 100vw, 200px\" \/><\/p>\n<p style=\"text-align: center;\"><strong>NOMINIERUNG<br \/>\nBestes Indie-Spiel<br \/>\n<\/strong>Deutscher Entwicklerpreis 2017<strong><br \/>\n<\/strong><\/p>\n<\/div>\n<\/div><\/div>\n\n\n<div class=\"column-group columns-2\"><div class=\"column column-number-1 column-span-1\"><div class=\"awardbox\">\n<p><img loading=\"lazy\" decoding=\"async\" class=\"aligncenter wp-image-1467 size-full\" src=\"http:\/\/www.osmotic-studios.de\/wp-content\/uploads\/2014\/07\/de17_logo_rgb_schwarz.png\" alt=\"\" width=\"200\" height=\"200\" srcset=\"https:\/\/www.osmoticstudios.com\/wp-content\/uploads\/2014\/07\/de17_logo_rgb_schwarz.png 200w, https:\/\/www.osmoticstudios.com\/wp-content\/uploads\/2014\/07\/de17_logo_rgb_schwarz-150x150.png 150w\" sizes=\"auto, (max-width: 200px) 100vw, 200px\" \/><\/p>\n<p style=\"text-align: center;\"><strong>NOMINIERUNG<br \/>\nBest Game Design<\/strong><br \/>\nDeutscher Entwicklerpreis 2017<\/p>\n<\/div>\n<\/div><div class=\"column column-number-2 last column-span-1\"><div class=\"awardbox\">\n<p><img loading=\"lazy\" decoding=\"async\" class=\"aligncenter wp-image-1467 size-full\" src=\"http:\/\/www.osmotic-studios.de\/wp-content\/uploads\/2014\/07\/de17_logo_rgb_schwarz.png\" alt=\"\" width=\"200\" height=\"200\" srcset=\"https:\/\/www.osmoticstudios.com\/wp-content\/uploads\/2014\/07\/de17_logo_rgb_schwarz.png 200w, https:\/\/www.osmoticstudios.com\/wp-content\/uploads\/2014\/07\/de17_logo_rgb_schwarz-150x150.png 150w\" sizes=\"auto, (max-width: 200px) 100vw, 200px\" \/><\/p>\n<p style=\"text-align: center;\"><strong>GEWINNER<br \/>\nBeste Story<br \/>\n<\/strong>Deutscher Entwicklerpreis 2017<strong><br \/>\n<\/strong><\/p>\n<\/div>\n<\/div><\/div>\n\n\n<div class=\"column-group columns-2\"><div class=\"column column-number-1 column-span-1\"><div class=\"awardbox\">\n<p><img loading=\"lazy\" decoding=\"async\" class=\"aligncenter wp-image-1467 size-full\" src=\"http:\/\/www.osmotic-studios.de\/wp-content\/uploads\/2014\/07\/de17_logo_rgb_schwarz.png\" alt=\"\" width=\"200\" height=\"200\" srcset=\"https:\/\/www.osmoticstudios.com\/wp-content\/uploads\/2014\/07\/de17_logo_rgb_schwarz.png 200w, https:\/\/www.osmoticstudios.com\/wp-content\/uploads\/2014\/07\/de17_logo_rgb_schwarz-150x150.png 150w\" sizes=\"auto, (max-width: 200px) 100vw, 200px\" \/><\/p>\n<p style=\"text-align: center;\"><strong>GEWINNER<br \/>\nInnovationspreis<br \/>\n<\/strong>Deutscher Entwicklerpreis 2017<strong><br \/>\n<\/strong><\/p>\n<\/div>\n<\/div><div class=\"column column-number-2 last column-span-1\"><div class=\"awardbox\">\n<p><img loading=\"lazy\" decoding=\"async\" class=\"aligncenter wp-image-1468 size-full\" src=\"http:\/\/www.osmotic-studios.de\/wp-content\/uploads\/2014\/07\/makinggames.png\" alt=\"\" width=\"200\" height=\"200\" srcset=\"https:\/\/www.osmoticstudios.com\/wp-content\/uploads\/2014\/07\/makinggames.png 200w, https:\/\/www.osmoticstudios.com\/wp-content\/uploads\/2014\/07\/makinggames-150x150.png 150w\" sizes=\"auto, (max-width: 200px) 100vw, 200px\" \/><\/p>\n<p style=\"text-align: center;\"><strong>GEWINNER<br \/>\nBest Storytelling<\/strong><br \/>\nMaking Games Awards 2017<\/p>\n<\/div>\n<\/div><\/div>\n\n\n<div class=\"column-group columns-2\"><div class=\"column column-number-1 column-span-1\"><div class=\"awardbox\">\n<p><img loading=\"lazy\" decoding=\"async\" class=\"aligncenter wp-image-1402 size-full\" src=\"http:\/\/www.osmotic-studios.de\/wp-content\/uploads\/2014\/07\/Logo-Big-Festival_500x400_1396040202.png\" alt=\"\" width=\"200\" height=\"200\" srcset=\"https:\/\/www.osmoticstudios.com\/wp-content\/uploads\/2014\/07\/Logo-Big-Festival_500x400_1396040202.png 200w, https:\/\/www.osmoticstudios.com\/wp-content\/uploads\/2014\/07\/Logo-Big-Festival_500x400_1396040202-150x150.png 150w\" sizes=\"auto, (max-width: 200px) 100vw, 200px\" \/><\/p>\n<p style=\"text-align: center;\"><strong>GEWINNER<br \/>\nBest Social Impact Game<\/strong><br \/>\nBIG Festival 2017<\/p>\n<\/div>\n<\/div><div class=\"column column-number-2 last column-span-1\"><div class=\"awardbox\">\n<p><img loading=\"lazy\" decoding=\"async\" class=\"aligncenter wp-image-1402 size-full\" src=\"http:\/\/www.osmotic-studios.de\/wp-content\/uploads\/2014\/07\/Logo-Big-Festival_500x400_1396040202.png\" alt=\"\" width=\"200\" height=\"200\" srcset=\"https:\/\/www.osmoticstudios.com\/wp-content\/uploads\/2014\/07\/Logo-Big-Festival_500x400_1396040202.png 200w, https:\/\/www.osmoticstudios.com\/wp-content\/uploads\/2014\/07\/Logo-Big-Festival_500x400_1396040202-150x150.png 150w\" sizes=\"auto, (max-width: 200px) 100vw, 200px\" \/><\/p>\n<p style=\"text-align: center;\"><strong>FINALIST<br \/>\nInnovationspreis<\/strong><br \/>\nBIG Festival 2017<\/p>\n<\/div>\n<\/div><\/div>\n\n\n<div class=\"column-group columns-2\"><div class=\"column column-number-1 column-span-1\"><div class=\"awardbox\" style=\"text-align: center;\">\n<p><img loading=\"lazy\" decoding=\"async\" class=\"aligncenter wp-image-1403 size-full\" src=\"http:\/\/www.osmotic-studios.de\/wp-content\/uploads\/2014\/07\/nyvga_logo_red.png\" alt=\"\" width=\"200\" height=\"200\" srcset=\"https:\/\/www.osmoticstudios.com\/wp-content\/uploads\/2014\/07\/nyvga_logo_red.png 200w, https:\/\/www.osmoticstudios.com\/wp-content\/uploads\/2014\/07\/nyvga_logo_red-150x150.png 150w\" sizes=\"auto, (max-width: 200px) 100vw, 200px\" \/><\/p>\n<p><strong>NOMINIERUNG<br \/>\n<\/strong><strong>Bestes Indie-Spiel<\/strong><br \/>\nThe New York Videogame Awards\u00a02017<\/p>\n<\/div>\n<\/div><div class=\"column column-number-2 last column-span-1\"><div class=\"awardbox\" style=\"text-align: center;\">\n<p><img loading=\"lazy\" decoding=\"async\" class=\"aligncenter wp-image-937 size-full\" src=\"https:\/\/www.osmoticstudios.com\/wp-content\/uploads\/2015\/09\/badge-e1443512865428.jpg\" alt=\"Creative Gaming Award 2015 Nominee - Most Innovative Newcomer Game\" width=\"200\" height=\"195\" \/><\/p>\n<p><strong>NOMINIERUNG<br \/>\nMost Innovative Newcomer<\/strong><br \/>\nCreative Gaming Awards 2015<\/p>\n<\/div>\n<\/div><\/div>\n\n\n<div class=\"column-group columns-1\"><div class=\"column column-number-1 last column-span-1\"><div class=\"awardbox\">\n<p><img loading=\"lazy\" decoding=\"async\" class=\"aligncenter wp-image-1489 size-full\" src=\"http:\/\/www.osmotic-studios.de\/wp-content\/uploads\/2018\/02\/sticker-Ludicious18.png\" alt=\"\" width=\"200\" height=\"200\" srcset=\"https:\/\/www.osmoticstudios.com\/wp-content\/uploads\/2018\/02\/sticker-Ludicious18.png 200w, https:\/\/www.osmoticstudios.com\/wp-content\/uploads\/2018\/02\/sticker-Ludicious18-150x150.png 150w\" sizes=\"auto, (max-width: 200px) 100vw, 200px\" \/><\/p>\n<p style=\"text-align: center;\"><strong>NOMINIERUNG<br \/>\n<\/strong><strong>Innovation in Game<\/strong><br \/>\nLudicious 2018<\/p>\n<\/div>\n<\/div><\/div>","protected":false},"excerpt":{"rendered":"<p>OUT NOW FOR PC, MAC, IOS, AND ANDROIDWebsite | Presskit Big Brother has arrived &#8211; and it\u2019s you. Investigate the lives of citizens to find those responsible for a series of terror attacks. Information from the internet, personal communications and private files are all accessible to you. But, be warned, the information you supply will [&hellip;]<\/p>\n","protected":false},"author":1,"featured_media":0,"parent":0,"menu_order":0,"comment_status":"closed","ping_status":"closed","template":"","meta":{"site-sidebar-layout":"default","site-content-layout":"default","ast-site-content-layout":"default","site-content-style":"default","site-sidebar-style":"default","ast-global-header-display":"","ast-banner-title-visibility":"","ast-main-header-display":"","ast-hfb-above-header-display":"","ast-hfb-below-header-display":"","ast-hfb-mobile-header-display":"","site-post-title":"","ast-breadcrumbs-content":"","ast-featured-img":"","footer-sml-layout":"","theme-transparent-header-meta":"default","adv-header-id-meta":"","stick-header-meta":"","header-above-stick-meta":"","header-main-stick-meta":"","header-below-stick-meta":"","astra-migrate-meta-layouts":"set","ast-page-background-enabled":"default","ast-page-background-meta":{"desktop":{"background-color":"","background-image":"","background-repeat":"repeat","background-position":"center center","background-size":"auto","background-attachment":"scroll","background-type":"","background-media":"","overlay-type":"","overlay-color":"","overlay-opacity":"","overlay-gradient":""},"tablet":{"background-color":"","background-image":"","background-repeat":"repeat","background-position":"center center","background-size":"auto","background-attachment":"scroll","background-type":"","background-media":"","overlay-type":"","overlay-color":"","overlay-opacity":"","overlay-gradient":""},"mobile":{"background-color":"","background-image":"","background-repeat":"repeat","background-position":"center center","background-size":"auto","background-attachment":"scroll","background-type":"","background-media":"","overlay-type":"","overlay-color":"","overlay-opacity":"","overlay-gradient":""}},"ast-content-background-meta":{"desktop":{"background-color":"var(--ast-global-color-5)","background-image":"","background-repeat":"repeat","background-position":"center center","background-size":"auto","background-attachment":"scroll","background-type":"","background-media":"","overlay-type":"","overlay-color":"","overlay-opacity":"","overlay-gradient":""},"tablet":{"background-color":"var(--ast-global-color-5)","background-image":"","background-repeat":"repeat","background-position":"center center","background-size":"auto","background-attachment":"scroll","background-type":"","background-media":"","overlay-type":"","overlay-color":"","overlay-opacity":"","overlay-gradient":""},"mobile":{"background-color":"var(--ast-global-color-5)","background-image":"","background-repeat":"repeat","background-position":"center center","background-size":"auto","background-attachment":"scroll","background-type":"","background-media":"","overlay-type":"","overlay-color":"","overlay-opacity":"","overlay-gradient":""}},"footnotes":""},"class_list":["post-1780","page","type-page","status-publish","hentry"],"_links":{"self":[{"href":"https:\/\/www.osmoticstudios.com\/de\/wp-json\/wp\/v2\/pages\/1780","targetHints":{"allow":["GET"]}}],"collection":[{"href":"https:\/\/www.osmoticstudios.com\/de\/wp-json\/wp\/v2\/pages"}],"about":[{"href":"https:\/\/www.osmoticstudios.com\/de\/wp-json\/wp\/v2\/types\/page"}],"author":[{"embeddable":true,"href":"https:\/\/www.osmoticstudios.com\/de\/wp-json\/wp\/v2\/users\/1"}],"replies":[{"embeddable":true,"href":"https:\/\/www.osmoticstudios.com\/de\/wp-json\/wp\/v2\/comments?post=1780"}],"version-history":[{"count":18,"href":"https:\/\/www.osmoticstudios.com\/de\/wp-json\/wp\/v2\/pages\/1780\/revisions"}],"predecessor-version":[{"id":2612,"href":"https:\/\/www.osmoticstudios.com\/de\/wp-json\/wp\/v2\/pages\/1780\/revisions\/2612"}],"wp:attachment":[{"href":"https:\/\/www.osmoticstudios.com\/de\/wp-json\/wp\/v2\/media?parent=1780"}],"curies":[{"name":"wp","href":"https:\/\/api.w.org\/{rel}","templated":true}]}}