{"id":2387,"date":"2023-03-23T13:17:25","date_gmt":"2023-03-23T12:17:25","guid":{"rendered":"https:\/\/www.osmoticstudios.com\/?page_id=2387"},"modified":"2024-12-16T10:46:37","modified_gmt":"2024-12-16T09:46:37","slug":"closer-the-distance","status":"publish","type":"page","link":"https:\/\/www.osmoticstudios.com\/de\/closer-the-distance\/","title":{"rendered":"Closer the Distance"},"content":{"rendered":"<p>VERF\u00dcGBAR F\u00dcR PC, PS5 UND XBOX SERIES X\/S<\/p>\n\n\n<div id=\"metaslider-id-2423\" style=\"width: 100%;\" class=\"ml-slider-3-108-0 metaslider metaslider-nivo metaslider-2423 ml-slider has-dots-nav ms-theme-default\" role=\"region\" aria-label=\"Closer the Distance\" data-height=\"1080\" data-width=\"1920\">\n    <div id=\"metaslider_container_2423\">\n        <div class='slider-wrapper theme-default'><div class='ribbon'><\/div><div id='metaslider_2423' class='nivoSlider'><img loading=\"lazy\" decoding=\"async\" src=\"https:\/\/www.osmoticstudios.com\/wp-content\/uploads\/2024\/05\/01_Village_House_Melville.png\" height=\"1080\" width=\"1920\" title=\"01_Village_House_Melville\" alt=\"\" class=\"slider-2423 slide-2451 msDefaultImage\" \/><img loading=\"lazy\" decoding=\"async\" src=\"https:\/\/www.osmoticstudios.com\/wp-content\/uploads\/2024\/05\/02_Conny_sewing_evening.png\" height=\"1080\" width=\"1920\" title=\"02_Conny_sewing_evening\" alt=\"\" class=\"slider-2423 slide-2452 msDefaultImage\" \/><img loading=\"lazy\" decoding=\"async\" src=\"https:\/\/www.osmoticstudios.com\/wp-content\/uploads\/2024\/05\/08_EN_Mess_right_now.png\" height=\"1080\" width=\"1920\" title=\"08_EN_Mess_right_now\" alt=\"\" class=\"slider-2423 slide-2453 msDefaultImage\" \/><img loading=\"lazy\" decoding=\"async\" src=\"https:\/\/www.osmoticstudios.com\/wp-content\/uploads\/2024\/05\/03_Greenhouse_discussions.png\" height=\"1080\" width=\"1920\" title=\"03_Greenhouse_discussions\" alt=\"\" class=\"slider-2423 slide-2454 msDefaultImage\" \/><img loading=\"lazy\" decoding=\"async\" src=\"https:\/\/www.osmoticstudios.com\/wp-content\/uploads\/2024\/05\/04_Bodhi_go_to_bed.png\" height=\"1080\" width=\"1920\" title=\"04_Bodhi_go_to_bed\" alt=\"\" class=\"slider-2423 slide-2455 msDefaultImage\" \/><img loading=\"lazy\" decoding=\"async\" src=\"https:\/\/www.osmoticstudios.com\/wp-content\/uploads\/2024\/05\/05_Henrietta_boat.png\" height=\"1080\" width=\"1920\" title=\"05_Henrietta_boat\" alt=\"\" class=\"slider-2423 slide-2456 msDefaultImage\" \/><img loading=\"lazy\" decoding=\"async\" src=\"https:\/\/www.osmoticstudios.com\/wp-content\/uploads\/2024\/05\/06_Night_rain_village.png\" height=\"1080\" width=\"1920\" title=\"06_Night_rain_village\" alt=\"\" class=\"slider-2423 slide-2457 msDefaultImage\" \/><img loading=\"lazy\" decoding=\"async\" src=\"https:\/\/www.osmoticstudios.com\/wp-content\/uploads\/2024\/05\/07_River_walks_pier.png\" height=\"1080\" width=\"1920\" title=\"07_River_walks_pier\" alt=\"\" class=\"slider-2423 slide-2458 msDefaultImage\" \/><img loading=\"lazy\" decoding=\"async\" src=\"https:\/\/www.osmoticstudios.com\/wp-content\/uploads\/2024\/05\/09_EN_Zek_smoking.png\" height=\"1080\" width=\"1920\" title=\"09_EN_Zek_smoking\" alt=\"\" class=\"slider-2423 slide-2459 msDefaultImage\" \/><img loading=\"lazy\" decoding=\"async\" src=\"https:\/\/www.osmoticstudios.com\/wp-content\/uploads\/2024\/05\/10_Zek_campfire_night_far.png\" height=\"1080\" width=\"1920\" title=\"10_Zek_campfire_night_far\" alt=\"\" class=\"slider-2423 slide-2632 msDefaultImage\" \/><img loading=\"lazy\" decoding=\"async\" src=\"https:\/\/www.osmoticstudios.com\/wp-content\/uploads\/2024\/05\/11_Blanche_watching_sheep.png\" height=\"1080\" width=\"1920\" title=\"11_Blanche_watching_sheep\" alt=\"\" class=\"slider-2423 slide-2633 msDefaultImage\" \/><img loading=\"lazy\" decoding=\"async\" src=\"https:\/\/www.osmoticstudios.com\/wp-content\/uploads\/2024\/05\/12_Henrietta_reading.png\" height=\"1080\" width=\"1920\" title=\"12_Henrietta_reading\" alt=\"\" class=\"slider-2423 slide-2634 msDefaultImage\" \/><img loading=\"lazy\" decoding=\"async\" src=\"https:\/\/www.osmoticstudios.com\/wp-content\/uploads\/2023\/04\/ss_db67af3ffd52f6a90234e8197d01463ab2500521.jpg\" height=\"1080\" width=\"1920\" title=\"ss_db67af3ffd52f6a90234e8197d01463ab2500521\" alt=\"\" class=\"slider-2423 slide-2635 msDefaultImage\" \/><\/div><\/div>\n        \n    <\/div>\n<\/div>\n\n\n\n<p>Closer the Distance ist eine bewegende Slice-of-Life-Simulation, die eine Geschichte \u00fcber die Verbindungen zwischen Familie und Freunden im Angesicht einer Trag\u00f6die erz\u00e4hlt. Nach einem t\u00f6dlichen Autounfall schl\u00fcpfen die Spielenden in die Rolle von Angela, einer jungen Frau aus der Stadt Yesterby, die nun \u00fcber ihre um sie Trauernden wacht. Mit ihrer F\u00e4higkeit, die Menschen, die sie einst kannte, zu beeinflussen, werden Angelas Entscheidungen letztendlich das Schicksal von Yesterby bestimmen.<\/p>\n\n\n\n<p>Closer the Distance wird gepublished von<a href=\"http:\/\/skybound.com\" data-type=\"URL\" data-id=\"skybound.com\"> Skybound Games<\/a>.<\/p>\n\n\n\n<p><iframe loading=\"lazy\" src=\"https:\/\/store.steampowered.com\/widget\/1991300\/\" width=\"100%\" height=\"190\" frameborder=\"0\"><\/iframe><\/p>\n\n\n\n<div class=\"wp-block-columns is-layout-flex wp-container-core-columns-is-layout-28f84493 wp-block-columns-is-layout-flex\">\n<div class=\"wp-block-column is-layout-flow wp-block-column-is-layout-flow\" style=\"flex-basis:100%\">\n<div class=\"wp-block-columns is-layout-flex wp-container-core-columns-is-layout-28f84493 wp-block-columns-is-layout-flex\">\n<div class=\"wp-block-column is-layout-flow wp-block-column-is-layout-flow\">\n<figure class=\"wp-block-image aligncenter size-full is-resized\"><img loading=\"lazy\" decoding=\"async\" width=\"340\" height=\"350\" src=\"https:\/\/www.osmoticstudios.com\/wp-content\/uploads\/2023\/03\/BMWE_Fz_2021_Web2x_en.gif\" alt=\"\" class=\"wp-image-2399\" style=\"width:170px;height:175px\"\/><\/figure>\n<\/div>\n\n\n\n<div class=\"wp-block-column is-vertically-aligned-center is-layout-flow wp-block-column-is-layout-flow\">\n<figure class=\"wp-block-image aligncenter size-medium\"><img loading=\"lazy\" decoding=\"async\" width=\"300\" height=\"47\" src=\"https:\/\/www.osmoticstudios.com\/wp-content\/uploads\/2019\/11\/co-funded-by-the-creative-europe-media-programme-of-the-european-union-flag-left-300x47.jpg\" alt=\"\" class=\"wp-image-2104\" srcset=\"https:\/\/www.osmoticstudios.com\/wp-content\/uploads\/2019\/11\/co-funded-by-the-creative-europe-media-programme-of-the-european-union-flag-left-300x47.jpg 300w, https:\/\/www.osmoticstudios.com\/wp-content\/uploads\/2019\/11\/co-funded-by-the-creative-europe-media-programme-of-the-european-union-flag-left-1024x162.jpg 1024w, https:\/\/www.osmoticstudios.com\/wp-content\/uploads\/2019\/11\/co-funded-by-the-creative-europe-media-programme-of-the-european-union-flag-left-768x121.jpg 768w, https:\/\/www.osmoticstudios.com\/wp-content\/uploads\/2019\/11\/co-funded-by-the-creative-europe-media-programme-of-the-european-union-flag-left-1536x243.jpg 1536w, https:\/\/www.osmoticstudios.com\/wp-content\/uploads\/2019\/11\/co-funded-by-the-creative-europe-media-programme-of-the-european-union-flag-left-2048x324.jpg 2048w\" sizes=\"auto, (max-width: 300px) 100vw, 300px\" \/><\/figure>\n<\/div>\n<\/div>\n<\/div>\n<\/div>\n\n\n\n<h2 class=\"wp-block-heading\">Zitate<\/h2>\n\n\n\n<p>\u201cAs sincere as it is refreshing\u201d<br>5\/5 \u2013&nbsp;<a href=\"https:\/\/www.vg247.com\/closer-the-distance-review\" data-type=\"link\" data-id=\"https:\/\/www.vg247.com\/closer-the-distance-review\">VG247<\/a><\/p>\n\n\n\n<p>\u201cA moving narrative experience with choices that matter.\u201d<br><a href=\"https:\/\/www.gamesradar.com\/games\/adventure\/closer-the-distance-is-an-emotional-heartfelt-sims-like-adventure-about-loss-and-grief-that-moved-me-to-tears-several-times\/\" data-type=\"link\" data-id=\"https:\/\/www.gamesradar.com\/games\/adventure\/closer-the-distance-is-an-emotional-heartfelt-sims-like-adventure-about-loss-and-grief-that-moved-me-to-tears-several-times\/\">GamesRadar<\/a><\/p>\n\n\n\n<p>\u201cA deeply moving and compelling story\u201d<br>4.5\/5 \u2013 <a href=\"https:\/\/www.thegamer.com\/closer-the-distance-review\/\" data-type=\"link\" data-id=\"https:\/\/www.thegamer.com\/closer-the-distance-review\/\">TheGamer<\/a><\/p>\n\n\n\n<h2 class=\"wp-block-heading\">Preise &amp; Auszeichnungen<\/h2>\n\n\n<div class=\"column-group columns-2\"><div class=\"column column-number-1 column-span-1\"><div class=\"awardbox\">\n<p><img loading=\"lazy\" decoding=\"async\" class=\"aligncenter wp-image-1489 size-full\" src=\"https:\/\/www.osmoticstudios.com\/wp-content\/uploads\/2024\/12\/DEP24-Badge_GEW-Beste-Story.png\" alt=\"\" width=\"200\" height=\"200\" \/><\/p>\n<p style=\"text-align: center;\"><strong>GEWINNER<br \/>\n<\/strong><strong>Beste Story<\/strong><br \/>\nDeutscher Entwicklerpreis 2024<\/p>\n<\/div>\n<\/div><div class=\"column column-number-2 last column-span-1\"><div class=\"awardbox\">\n<p><img loading=\"lazy\" decoding=\"async\" class=\"aligncenter wp-image-1409 size-full\" src=\"https:\/\/www.osmoticstudios.com\/wp-content\/uploads\/2024\/12\/DEP24-Badge_GEW-Bestes-Audiodesign.png\" alt=\"\" width=\"200\" height=\"200\" \/><\/p>\n<p style=\"text-align: center;\"><strong>GEWINNER<br \/>\nBestes Audiodesign<\/strong><br \/>\nDeutscher Entwicklerpreis 2024<\/p>\n<\/div>\n<\/div><\/div>\n\n\n<div class=\"column-group columns-2\"><div class=\"column column-number-1 column-span-1\"><div class=\"awardbox\">\n<p><img loading=\"lazy\" decoding=\"async\" class=\"aligncenter wp-image-1489 size-full\" src=\"https:\/\/www.osmoticstudios.com\/wp-content\/uploads\/2024\/12\/DEP24-Badge_GEW-Innovationspreis.png\" alt=\"\" width=\"200\" height=\"200\" \/><\/p>\n<p style=\"text-align: center;\"><strong>GEWINNER<br \/>\n<\/strong><strong>Innovationspreis<\/strong><br \/>\nDeutscher Entwicklerpreis 2024<\/p>\n<\/div>\n<\/div><div class=\"column column-number-2 last column-span-1\"><div class=\"awardbox\">\n<p><img loading=\"lazy\" decoding=\"async\" class=\"aligncenter wp-image-1489 size-full\" src=\"https:\/\/www.osmoticstudios.com\/wp-content\/uploads\/2024\/05\/itfspreis.png\" alt=\"\" width=\"200\" height=\"200\" \/><\/p>\n<p style=\"text-align: center;\"><strong>GEWINNER<br \/>\n<\/strong><strong>Animated Games Award<\/strong><br \/>\nStuttgart Festival of Animated Film 2024<\/p>\n<\/div>\n<\/div><\/div>\n\n\n<div class=\"column-group columns-2\"><div class=\"column column-number-1 column-span-1\"><div class=\"awardbox\">\n<p><img loading=\"lazy\" decoding=\"async\" class=\"aligncenter size-full wp-image-1351\" src=\"https:\/\/www.osmoticstudios.com\/wp-content\/uploads\/2024\/05\/critics-choice-award-indie-cup-germany-23-black.png\" alt=\"\" width=\"200\" height=\"200\" \/><\/p>\n<p style=\"text-align: center;\"><strong>NOMINIERUNG<br \/>\nCritics&#8217; Choice Award<\/strong><br \/>\nIndie Cup Germany 2023<\/p>\n<\/div>\n<\/div><div class=\"column column-number-2 last column-span-1\"><div class=\"awardbox\">\n<p><img loading=\"lazy\" decoding=\"async\" class=\"aligncenter wp-image-1409 size-full\" src=\"https:\/\/www.osmoticstudios.com\/wp-content\/uploads\/2024\/05\/most-anticipated-game-award-indie-cup-germany-23-black.png\" alt=\"\" width=\"200\" height=\"200\" \/><\/p>\n<p style=\"text-align: center;\"><strong>NOMINIERUNG<br \/>\nMost Anticipated Game Award<\/strong><br \/>\nIndie Cup Germany 2023<\/p>\n<\/div>\n<\/div><\/div>\n\n\n<div class=\"column-group columns-1\"><div class=\"column column-number-1 last column-span-1\"><div class=\"awardbox\">\n<p><img loading=\"lazy\" decoding=\"async\" class=\"aligncenter wp-image-1409 size-full\" src=\"https:\/\/www.osmoticstudios.com\/wp-content\/uploads\/2024\/05\/amazenominee.png\" alt=\"\" width=\"200\" height=\"200\" \/><\/p>\n<p style=\"text-align: center;\"><strong>NOMINIERUNG<br \/>\nWINGS Award<\/strong><br \/>\nA MAZE. Awards 2024<\/p>\n<\/div>\n<\/div><\/div>","protected":false},"excerpt":{"rendered":"<p>OUT NOW FOR PC, PS5 AND XBOX SERIES X\/S Closer the Distance is a deeply moving, slice-of-life sim that tells a story about the connections between family and friends in the face of tragedy. Following a fatal car accident, players take on the role of Angela, a young girl from the town of Yesterby, who [&hellip;]<\/p>\n","protected":false},"author":1,"featured_media":0,"parent":0,"menu_order":0,"comment_status":"closed","ping_status":"closed","template":"","meta":{"site-sidebar-layout":"default","site-content-layout":"","ast-site-content-layout":"default","site-content-style":"default","site-sidebar-style":"default","ast-global-header-display":"","ast-banner-title-visibility":"","ast-main-header-display":"","ast-hfb-above-header-display":"","ast-hfb-below-header-display":"","ast-hfb-mobile-header-display":"","site-post-title":"","ast-breadcrumbs-content":"","ast-featured-img":"","footer-sml-layout":"","theme-transparent-header-meta":"","adv-header-id-meta":"","stick-header-meta":"","header-above-stick-meta":"","header-main-stick-meta":"","header-below-stick-meta":"","astra-migrate-meta-layouts":"set","ast-page-background-enabled":"default","ast-page-background-meta":{"desktop":{"background-color":"","background-image":"","background-repeat":"repeat","background-position":"center center","background-size":"auto","background-attachment":"scroll","background-type":"","background-media":"","overlay-type":"","overlay-color":"","overlay-opacity":"","overlay-gradient":""},"tablet":{"background-color":"","background-image":"","background-repeat":"repeat","background-position":"center center","background-size":"auto","background-attachment":"scroll","background-type":"","background-media":"","overlay-type":"","overlay-color":"","overlay-opacity":"","overlay-gradient":""},"mobile":{"background-color":"","background-image":"","background-repeat":"repeat","background-position":"center center","background-size":"auto","background-attachment":"scroll","background-type":"","background-media":"","overlay-type":"","overlay-color":"","overlay-opacity":"","overlay-gradient":""}},"ast-content-background-meta":{"desktop":{"background-color":"var(--ast-global-color-5)","background-image":"","background-repeat":"repeat","background-position":"center center","background-size":"auto","background-attachment":"scroll","background-type":"","background-media":"","overlay-type":"","overlay-color":"","overlay-opacity":"","overlay-gradient":""},"tablet":{"background-color":"var(--ast-global-color-5)","background-image":"","background-repeat":"repeat","background-position":"center center","background-size":"auto","background-attachment":"scroll","background-type":"","background-media":"","overlay-type":"","overlay-color":"","overlay-opacity":"","overlay-gradient":""},"mobile":{"background-color":"var(--ast-global-color-5)","background-image":"","background-repeat":"repeat","background-position":"center center","background-size":"auto","background-attachment":"scroll","background-type":"","background-media":"","overlay-type":"","overlay-color":"","overlay-opacity":"","overlay-gradient":""}},"footnotes":""},"class_list":["post-2387","page","type-page","status-publish","hentry"],"_links":{"self":[{"href":"https:\/\/www.osmoticstudios.com\/de\/wp-json\/wp\/v2\/pages\/2387","targetHints":{"allow":["GET"]}}],"collection":[{"href":"https:\/\/www.osmoticstudios.com\/de\/wp-json\/wp\/v2\/pages"}],"about":[{"href":"https:\/\/www.osmoticstudios.com\/de\/wp-json\/wp\/v2\/types\/page"}],"author":[{"embeddable":true,"href":"https:\/\/www.osmoticstudios.com\/de\/wp-json\/wp\/v2\/users\/1"}],"replies":[{"embeddable":true,"href":"https:\/\/www.osmoticstudios.com\/de\/wp-json\/wp\/v2\/comments?post=2387"}],"version-history":[{"count":21,"href":"https:\/\/www.osmoticstudios.com\/de\/wp-json\/wp\/v2\/pages\/2387\/revisions"}],"predecessor-version":[{"id":2679,"href":"https:\/\/www.osmoticstudios.com\/de\/wp-json\/wp\/v2\/pages\/2387\/revisions\/2679"}],"wp:attachment":[{"href":"https:\/\/www.osmoticstudios.com\/de\/wp-json\/wp\/v2\/media?parent=2387"}],"curies":[{"name":"wp","href":"https:\/\/api.w.org\/{rel}","templated":true}]}}